{"id":8,"date":"2022-12-21T00:25:53","date_gmt":"2022-12-21T00:25:53","guid":{"rendered":"https:\/\/marroindustries.com\/?page_id=8"},"modified":"2024-03-21T16:36:29","modified_gmt":"2024-03-21T16:36:29","slug":"mconnect","status":"publish","type":"page","link":"https:\/\/marroindustries.com\/index.php\/mconnect\/","title":{"rendered":"Mconnect"},"content":{"rendered":"\n<h2 class=\"wp-block-heading\">Recargas de tiempo aire autom\u00e1ticas<\/h2>\n\n\n\n<h3 class=\"wp-block-heading\">Acerca de Mconnect<\/h3>\n\n\n\n<p>Mconnect es propiedad de marroindustries, somos una empresa comprometida con la tecnologia que busca brindarle a sus usuarios herramientas para ayudarles a realizar sus actividade de manera mas efectiva.<\/p>\n\n\n\n<p>Es un placer para nosotros presentarte los productos y servicios que ofrecemos en nuestra empresa de recargas autom\u00e1ticas de tiempo aire. Nos complace ofrecerte soluciones pr\u00e1cticas y convenientes para mantener tu l\u00ednea de telefon\u00eda m\u00f3vil siempre activa y lista para su uso.<\/p>\n\n\n\n<p>En Mconnect entendemos la importancia de mantener una comunicaci\u00f3n fluida en el mundo actual. Es por eso que hemos desarrollado un sistema de recargas autom\u00e1ticas que simplifica el proceso y te brinda la tranquilidad de tener tiempo aire disponible en todo momento. A continuaci\u00f3n, te presentamos los principales productos que ponemos a tu disposici\u00f3n:<\/p>\n\n\n\n<p>Recargas autom\u00e1ticas programadas: Con este servicio, puedes establecer una programaci\u00f3n personalizada para que tu l\u00ednea se recargue autom\u00e1ticamente en la fecha y hora que prefieras. Olv\u00eddate de preocuparte por quedarte sin saldo y disfruta de una experiencia sin interrupciones.<\/p>\n\n\n\n<p>Recargas autom\u00e1ticas por umbral: Esta opci\u00f3n te permite establecer un umbral de saldo m\u00ednimo en tu l\u00ednea. Cuando tu saldo llegue a ese l\u00edmite, nuestro sistema realizar\u00e1 autom\u00e1ticamente una recarga para garantizar que siempre tengas tiempo aire disponible. Es una soluci\u00f3n ideal para aquellos que desean evitar la preocupaci\u00f3n constante por el saldo agotado.<\/p>\n\n\n\n<p>Recargas autom\u00e1ticas por frecuencia: Si prefieres una recarga regular sin tener que establecer un umbral espec\u00edfico, este servicio es perfecto para ti. Puedes elegir la frecuencia con la que deseas que se realicen las recargas autom\u00e1ticas, ya sea semanal, quincenal o mensualmente. As\u00ed, siempre estar\u00e1s listo para realizar llamadas, enviar mensajes o navegar por Internet.<\/p>\n\n\n\n<p>Recargas autom\u00e1ticas personalizadas: Adaptamos nuestras soluciones a tus necesidades espec\u00edficas. Si tienes requisitos particulares para las recargas autom\u00e1ticas de tiempo aire, estaremos encantados de trabajar contigo para dise\u00f1ar una soluci\u00f3n personalizada que se ajuste a tus preferencias y patrones de uso.<\/p>\n\n\n\n<p>En Mconnect, nos enorgullece ofrecer un servicio confiable, seguro y conveniente para tus necesidades de recargas autom\u00e1ticas de tiempo aire. Trabajamos con los principales proveedores de servicios m\u00f3viles, lo que nos permite cubrir una amplia gama de operadores y asegurar una cobertura integral.<\/p>\n\n\n\n<p><\/p>\n\n\n\n<p>Destacamos los beneficios de utilizar el sistema de recarga peri\u00f3dica: comodidad, ahorro de tiempo y nunca quedarse sin saldo.<\/p>\n\n\n\n<p><\/p>\n\n\n\n<h3 class=\"wp-block-heading\">C\u00f3mo funciona<\/h3>\n\n\n\n<ul class=\"wp-block-list\">\n<li>Descarga nuestra app para iniciar el proceso de registro, sigue los pasos y disfruta te la comodidad de nunca jamas tener que preocuparte por no tener tiempo aire.<\/li>\n<\/ul>\n\n\n\n<h3 class=\"wp-block-heading\">Nuestros servicios<\/h3>\n\n\n\n<ul class=\"wp-block-list\">\n<li>Recargas de saldo<\/li>\n\n\n\n<li>Paquetes de datos<\/li>\n<\/ul>\n\n\n\n<p><\/p>\n\n\n\n<h3 class=\"wp-block-heading\">Contacto<\/h3>\n\n\n\n<p>numero:+523861009419<\/p>\n\n\n\n<p>correo: marroindustries@outlook.com<\/p>\n\n\n\n<h3 class=\"wp-block-heading has-text-align-left\">ver mis suscripciones<\/h3>\n\n\n\n<div class=\"wp-block-buttons is-content-justification-left is-layout-flex wp-container-core-buttons-is-layout-1 wp-block-buttons-is-layout-flex\">\n<div class=\"wp-block-button\"><a class=\"wp-block-button__link has-contrast-color has-text-color has-background wp-element-button\" href=\"https:\/\/billing.stripe.com\/p\/login\/00g0091C06j4fPG7ss\" style=\"background:linear-gradient(135deg,rgb(2,3,129) 0%,rgb(40,116,252) 0%)\" target=\"_blank\" rel=\"noreferrer noopener\">Centro de control<\/a><\/div>\n<\/div>\n\n\n\n<p>\u00a9 2023 MConnect. Todos los derechos reservados. politica de <a href=\"https:\/\/marroindustries.com\/index.php\/76-2\/\" data-type=\"URL\" data-id=\"https:\/\/marroindustries.com\/index.php\/76-2\/\">privacidad <\/a><\/p>\n","protected":false},"excerpt":{"rendered":"<p>Recargas de tiempo aire autom\u00e1ticas Acerca de Mconnect Mconnect es propiedad de marroindustries, somos una empresa comprometida con la tecnologia que busca brindarle a sus usuarios herramientas para ayudarles a realizar sus actividade de manera mas efectiva. Es un placer para nosotros presentarte los productos y servicios que ofrecemos en nuestra empresa de recargas autom\u00e1ticas [&hellip;]<\/p>\n","protected":false},"author":1,"featured_media":0,"parent":0,"menu_order":0,"comment_status":"closed","ping_status":"closed","template":"","meta":{"_monsterinsights_skip_tracking":false,"_monsterinsights_sitenote_active":false,"_monsterinsights_sitenote_note":"","_monsterinsights_sitenote_category":0,"footnotes":""},"class_list":["post-8","page","type-page","status-publish","hentry"],"jetpack_sharing_enabled":true,"jetpack-related-posts":[],"_links":{"self":[{"href":"https:\/\/marroindustries.com\/index.php\/wp-json\/wp\/v2\/pages\/8","targetHints":{"allow":["GET"]}}],"collection":[{"href":"https:\/\/marroindustries.com\/index.php\/wp-json\/wp\/v2\/pages"}],"about":[{"href":"https:\/\/marroindustries.com\/index.php\/wp-json\/wp\/v2\/types\/page"}],"author":[{"embeddable":true,"href":"https:\/\/marroindustries.com\/index.php\/wp-json\/wp\/v2\/users\/1"}],"replies":[{"embeddable":true,"href":"https:\/\/marroindustries.com\/index.php\/wp-json\/wp\/v2\/comments?post=8"}],"version-history":[{"count":10,"href":"https:\/\/marroindustries.com\/index.php\/wp-json\/wp\/v2\/pages\/8\/revisions"}],"predecessor-version":[{"id":115,"href":"https:\/\/marroindustries.com\/index.php\/wp-json\/wp\/v2\/pages\/8\/revisions\/115"}],"wp:attachment":[{"href":"https:\/\/marroindustries.com\/index.php\/wp-json\/wp\/v2\/media?parent=8"}],"curies":[{"name":"wp","href":"https:\/\/api.w.org\/{rel}","templated":true}]}}